{"id":2,"date":"2016-05-10T03:48:21","date_gmt":"2016-05-10T03:48:21","guid":{"rendered":"https:\/\/fairpixelt.com\/?page_id=2"},"modified":"2024-10-05T09:47:41","modified_gmt":"2024-10-05T09:47:41","slug":"sample-page","status":"publish","type":"page","link":"https:\/\/fairpixelt.com\/?page_id=2","title":{"rendered":"\u00fcber"},"content":{"rendered":"\n<p class=\"has-medium-font-size\">Fotografie ist eine Sprache der Kommunikation. Emotionen werden \u00fcbertragen und Erinnerungen konserviert. Licht und Schatten, Farben und Formen in ein Kontext gebracht. Bilder, die keine Worte ben\u00f6tigen und doch Spielraum geben f\u00fcr Interpretationen. <\/p>\n\n\n\n<p>Ich fotografiere seit vielen Jahren und wechsel das Genre, nach emotionaler Befindlichkeit und \u00f6rtlicher Variabilit\u00e4t. Architektur-Fotografie, Naturfotografie und die Tierfotografie sind die h\u00e4ufigsten Genres, die aktuell publiziert werden. Jedoch auch Bereiche der Eventfotografie, sind eine willkommende Gelegenheit f\u00fcr spannende Momente und Emotionen bildlich festzuhalten. Konzerte, Feiern, Conventions und auch urbane M\u00e4rkte sind weitere Chancen f\u00fcr ein erweitertes Portfolio. <\/p>\n\n\n\n<p>Ziel ist es, Kunst und Fotografie zu verschmelzen. Nicht jedes Foto ist Kunst. Und Kunst ist selten in der Fotografie zu finden. In dem Genre der Streetfotografie ist die Verschmelzung am ehesten zu finden und zu erzielen. Somit auch f\u00fcr mich wohl das spannenste Feld in der Fotografie. <\/p>\n\n\n\n<p>Aktuell jedoch noch in allen Welten der Motivsuche zu Hause. Ich nutze viele Chancen, um gute Motive zu generieren und zu erschaffen. Urbane Welten, shooting mit Hunden und deren Besitzern, die Natur zu entdecken und Sonnenaufg\u00e4nge festzuhalten. St\u00e4dtetrips zu unternehmen, um andere urbane Besonderheiten festzuhalten. <\/p>\n\n\n\n<p>Ich nehme auch Auftr\u00e4ge an, indem Fotos gemacht werden sollen. Aktuell sind es Events von Musikbands und Fotoshooting von Haustierbesitzern. Jedoch ohne dabei einen finanziellen Aspekt zu verfolgen. Hierbei geht es immer um M\u00f6glichkeiten f\u00fcr den Auftraggeber, um sch\u00f6ne pers\u00f6nliche Motive zu erhalten und f\u00fcr mich als Fotograf weiter zu entwickeln. <\/p>\n\n\n\n<p>Eine grunds\u00e4tzliche Diskussion \u00fcber Handy oder professionelle Kamera m\u00f6chte ich hier nicht aufmachen. Jedoch zeigt sich in der Welt der sozialen Netzwerke, dass Fotos nicht mehr den qualitativen N\u00e4hrwert eines Fotos rechtfertigen. Bilder sind schief und krumm und \u00fcbertragen keine Botschaft. Eher Schnappsch\u00fcsse als Fotos. Was mit einem Handy so entstehen kann, wenn sich der Fotografierende Gedanken \u00fcber das Motiv macht, sich ordentlich positioniert und die Perspektive anpasst, wird das Ergebnis erstaunlich sein. Auch hier gebe ich gerne Tipps und auch gerne Workouts. F\u00fcr mich ist es die beste Ablenkung vom Alltag und das sch\u00f6nste Hobby. Ich w\u00fcrde mich freuen, wenn es mehr Fotobegeisterte gibt um noch mehr Menschen zu erreichen, die die Welt aus einer anderen Perspektive sehen m\u00f6chten. Die Welt, die aus Licht und Schatten, aus Strukturen und Formen, aus Kontrasten und auch aus Gegens\u00e4tzen und Kontrosversen besteht. Dieses Motiv will gefunden werden und letztlich ist es egal, mit welcher Technik es aufgenommen wird. Schlussendlich wird es gesehen. Es wird wahrgenommen und geteilt. <\/p>\n\n\n\n<p>Oft wurde von meinen Mitmenschen gesagt, das ich einen eigenen Stil der Fotografie entwickelt habe. Dieses stellt wohl den Idealfall einer Entwicklung da. Klare Formen und Strukturen geh\u00f6ren zu meinen favorisierten Motiven und erstelle sie oft in einem Schwarz-Wei\u00df Kontext. Jedoch auch besondere Sichtachsen, die nicht gleich offensichtlich sind, geh\u00f6ren zu meinem Spektrum. Stra\u00dfen, Gassen oder Formgebungen von B\u00e4umen und anderen nat\u00fcrlichen Einrahmungen. Die &#8222;fotografischen Regeln&#8220;, wie der goldene Schnitt oder die &#8222;Drittelung&#8220; einer Bildgestaltung werden oftmals mehr oder weniger eingehalten oder interpretiert. Diese Regeln helfen schon, um ein Bild harmonisch zu gestalten. Hintergr\u00fcnde in eine Unsch\u00e4rfe zu bringen und das Hauptmotiv in voller Geltung erscheinen zu lassen. <\/p>\n\n\n\n<p>Fairpixelt ist nun meine Sprache der Fotografie und ich hoffe, das sie euch gef\u00e4llt. <\/p>\n\n\n\n<p>LG Michael Harder<\/p>\n\n\n\n<p><\/p>\n","protected":false},"excerpt":{"rendered":"<p>Fotografie ist eine Sprache der Kommunikation. Emotionen werden \u00fcbertragen und Erinnerungen konserviert. Licht und Schatten, Farben und Formen in ein Kontext gebracht. Bilder, die keine Worte ben\u00f6tigen und doch Spielraum geben f\u00fcr Interpretationen. Ich fotografiere seit vielen Jahren und wechsel das Genre, nach emotionaler Befindlichkeit und \u00f6rtlicher Variabilit\u00e4t. Architektur-Fotografie, Naturfotografie und die Tierfotografie sind die [&hellip;]<\/p>\n","protected":false},"author":1,"featured_media":0,"parent":0,"menu_order":0,"comment_status":"closed","ping_status":"open","template":"","meta":{"footnotes":""},"class_list":["post-2","page","type-page","status-publish","hentry"],"_links":{"self":[{"href":"https:\/\/fairpixelt.com\/index.php?rest_route=\/wp\/v2\/pages\/2","targetHints":{"allow":["GET"]}}],"collection":[{"href":"https:\/\/fairpixelt.com\/index.php?rest_route=\/wp\/v2\/pages"}],"about":[{"href":"https:\/\/fairpixelt.com\/index.php?rest_route=\/wp\/v2\/types\/page"}],"author":[{"embeddable":true,"href":"https:\/\/fairpixelt.com\/index.php?rest_route=\/wp\/v2\/users\/1"}],"replies":[{"embeddable":true,"href":"https:\/\/fairpixelt.com\/index.php?rest_route=%2Fwp%2Fv2%2Fcomments&post=2"}],"version-history":[{"count":7,"href":"https:\/\/fairpixelt.com\/index.php?rest_route=\/wp\/v2\/pages\/2\/revisions"}],"predecessor-version":[{"id":39,"href":"https:\/\/fairpixelt.com\/index.php?rest_route=\/wp\/v2\/pages\/2\/revisions\/39"}],"wp:attachment":[{"href":"https:\/\/fairpixelt.com\/index.php?rest_route=%2Fwp%2Fv2%2Fmedia&parent=2"}],"curies":[{"name":"wp","href":"https:\/\/api.w.org\/{rel}","templated":true}]}}